{"id":25,"date":"2024-10-31T17:09:47","date_gmt":"2024-10-31T17:09:47","guid":{"rendered":"https:\/\/www.farbmetrik-schweim.de\/?page_id=25"},"modified":"2024-11-23T15:44:34","modified_gmt":"2024-11-23T15:44:34","slug":"impressum","status":"publish","type":"page","link":"https:\/\/www.farbmetrik-schweim.de\/index.php\/impressum\/","title":{"rendered":"Impressum"},"content":{"rendered":"\n<p><strong>Anschrift:<\/strong><\/p>\n\n\n\n<p>Farbmetrik \u2013 Schweim<br>Grothar 13<br>25436 Moorrege<\/p>\n\n\n\n<p><strong>E-Mail:<\/strong><\/p>\n\n\n\n<p><a href=\"mailto:kontakt@farbmetrik-schweim.de\">kontakt@farbmetrik-schweim.de<\/a><\/p>\n\n\n\n<p><strong>Internet:<\/strong><\/p>\n\n\n\n<p><a href=\"https:\/\/www.farbmetrik-schweim.de\/\">www.farbmetrik-schweim.de<\/a><\/p>\n\n\n\n<p><strong>Inhaltlich Verantwortlicher gem\u00e4\u00df \u00a76 Abs. 2 MDStV:<\/strong><\/p>\n\n\n\n<p>Claus-Peter Schweim<br>(Anschrift wie oben)<\/p>\n\n\n\n<p><strong>Steueridentifikationsnr. nach \u00a727a des Umsatzsteuergesetzes:<\/strong><\/p>\n\n\n\n<p>13\/181\/03871<\/p>\n\n\n\n<p><strong>Haftungshinweis:<\/strong><\/p>\n\n\n\n<p>Trotz sorgf\u00e4ltiger inhaltlicher Kontrolle \u00fcbernehme ich keine Haftung f\u00fcr die Inhalte externer Links. F\u00fcr den Inhalt der verlinkten Seiten sind ausschlie\u00dflich deren Betreiber verantwortlich.<br><br><\/p>\n\n\n\n<p><\/p>\n","protected":false},"excerpt":{"rendered":"<p>Anschrift: Farbmetrik \u2013 SchweimGrothar 1325436 Moorrege E-Mail: kontakt@farbmetrik-schweim.de Internet: www.farbmetrik-schweim.de Inhaltlich Verantwortlicher gem\u00e4\u00df \u00a76 Abs. 2 MDStV: Claus-Peter Schweim(Anschrift wie oben) Steueridentifikationsnr. nach \u00a727a des Umsatzsteuergesetzes: 13\/181\/03871 Haftungshinweis: Trotz sorgf\u00e4ltiger inhaltlicher Kontrolle \u00fcbernehme ich keine Haftung f\u00fcr die Inhalte externer Links. F\u00fcr den Inhalt der verlinkten Seiten sind ausschlie\u00dflich deren Betreiber verantwortlich.<\/p>\n","protected":false},"author":1,"featured_media":0,"parent":0,"menu_order":0,"comment_status":"closed","ping_status":"closed","template":"","meta":{"footnotes":""},"class_list":["post-25","page","type-page","status-publish","hentry"],"_links":{"self":[{"href":"https:\/\/www.farbmetrik-schweim.de\/index.php\/wp-json\/wp\/v2\/pages\/25","targetHints":{"allow":["GET"]}}],"collection":[{"href":"https:\/\/www.farbmetrik-schweim.de\/index.php\/wp-json\/wp\/v2\/pages"}],"about":[{"href":"https:\/\/www.farbmetrik-schweim.de\/index.php\/wp-json\/wp\/v2\/types\/page"}],"author":[{"embeddable":true,"href":"https:\/\/www.farbmetrik-schweim.de\/index.php\/wp-json\/wp\/v2\/users\/1"}],"replies":[{"embeddable":true,"href":"https:\/\/www.farbmetrik-schweim.de\/index.php\/wp-json\/wp\/v2\/comments?post=25"}],"version-history":[{"count":7,"href":"https:\/\/www.farbmetrik-schweim.de\/index.php\/wp-json\/wp\/v2\/pages\/25\/revisions"}],"predecessor-version":[{"id":65,"href":"https:\/\/www.farbmetrik-schweim.de\/index.php\/wp-json\/wp\/v2\/pages\/25\/revisions\/65"}],"wp:attachment":[{"href":"https:\/\/www.farbmetrik-schweim.de\/index.php\/wp-json\/wp\/v2\/media?parent=25"}],"curies":[{"name":"wp","href":"https:\/\/api.w.org\/{rel}","templated":true}]}}